{"id":16190,"date":"2025-11-14T03:16:00","date_gmt":"2025-11-14T03:16:00","guid":{"rendered":"https:\/\/bibliomanager.site\/?page_id=16190"},"modified":"2026-02-03T19:10:23","modified_gmt":"2026-02-03T19:10:23","slug":"servicios-1a1-editoriales","status":"publish","type":"page","link":"https:\/\/bibliomanager.com\/en\/servicios-1a1-editoriales\/","title":{"rendered":"Solutions - 1-to-1 Distribution - For Publishers"},"content":{"rendered":"<div data-elementor-type=\"wp-page\" data-elementor-id=\"16190\" class=\"elementor elementor-16190\">\n\t\t\t\t<div class=\"elementor-element elementor-element-5ac2146 e-flex e-con-boxed e-con e-parent\" data-id=\"5ac2146\" data-element_type=\"container\" data-e-type=\"container\">\n\t\t\t\t\t<div class=\"e-con-inner\">\n\t\t\t\t<div class=\"elementor-element elementor-element-21f0df9 elementor-widget elementor-widget-spacer\" data-id=\"21f0df9\" data-element_type=\"widget\" data-e-type=\"widget\" data-widget_type=\"spacer.default\">\n\t\t\t\t<div class=\"elementor-widget-container\">\n\t\t\t\t\t\t\t<div class=\"elementor-spacer\">\n\t\t\t<div class=\"elementor-spacer-inner\"><\/div>\n\t\t<\/div>\n\t\t\t\t\t\t<\/div>\n\t\t\t\t<\/div>\n\t\t\t\t<div class=\"elementor-element elementor-element-7405c81 elementor-widget elementor-widget-image\" data-id=\"7405c81\" data-element_type=\"widget\" data-e-type=\"widget\" data-widget_type=\"image.default\">\n\t\t\t\t<div class=\"elementor-widget-container\">\n\t\t\t\t\t\t\t\t\t\t\t\t\t\t\t<img fetchpriority=\"high\" decoding=\"async\" width=\"640\" height=\"102\" src=\"https:\/\/bibliomanager.com\/wp-content\/uploads\/2026\/01\/1-to-1-distribution.png\" class=\"attachment-large size-large wp-image-16147\" alt=\"\" srcset=\"https:\/\/bibliomanager.com\/wp-content\/uploads\/2026\/01\/1-to-1-distribution.png 1021w, https:\/\/bibliomanager.com\/wp-content\/uploads\/2026\/01\/1-to-1-distribution-300x48.png 300w, https:\/\/bibliomanager.com\/wp-content\/uploads\/2026\/01\/1-to-1-distribution-768x123.png 768w, https:\/\/bibliomanager.com\/wp-content\/uploads\/2026\/01\/1-to-1-distribution-18x3.png 18w\" sizes=\"(max-width: 640px) 100vw, 640px\" \/>\t\t\t\t\t\t\t\t\t\t\t\t\t\t\t<\/div>\n\t\t\t\t<\/div>\n\t\t<div class=\"elementor-element elementor-element-4888695 e-con-full e-flex e-con e-child\" data-id=\"4888695\" data-element_type=\"container\" data-e-type=\"container\">\n\t\t<div class=\"elementor-element elementor-element-4cbf912 e-flex e-con-boxed e-con e-child\" data-id=\"4cbf912\" data-element_type=\"container\" data-e-type=\"container\">\n\t\t\t\t\t<div class=\"e-con-inner\">\n\t\t\t\t<div class=\"elementor-element elementor-element-bfab117 elementor-widget elementor-widget-text-editor\" data-id=\"bfab117\" data-element_type=\"widget\" data-e-type=\"widget\" data-widget_type=\"text-editor.default\">\n\t\t\t\t<div class=\"elementor-widget-container\">\n\t\t\t\t\t\t\t\t\t<p><span style=\"white-space-collapse: preserve;\"><span style=\"font-weight: bold;\">Did you know that 6 out of 10 books<\/span> listed for sale are currently <span style=\"font-weight: bold;\">\u201cOut of Stock\u201d?<\/span> If you want your titles to always be <span style=\"font-weight: bold;\">available<\/span> \u2014and to <span style=\"font-weight: bold;\">reach more countries with just one click<\/span> and zero upfront investment\u2014 1-to-1 Distribution  is made for you!<\/span><\/p>\t\t\t\t\t\t\t\t<\/div>\n\t\t\t\t<\/div>\n\t\t\t\t<div class=\"elementor-element elementor-element-100f43c elementor-widget elementor-widget-text-editor\" data-id=\"100f43c\" data-element_type=\"widget\" data-e-type=\"widget\" data-widget_type=\"text-editor.default\">\n\t\t\t\t<div class=\"elementor-widget-container\">\n\t\t\t\t\t\t\t\t\t<p><span style=\"white-space-collapse: preserve;\"><span style=\"font-weight: bold;\">How does<\/span> 1-to-1 <\/span> <span style=\"white-space-collapse: preserve;\">Distribution <span style=\"font-weight: bold;\">works<\/span> ?<\/span><\/p>\t\t\t\t\t\t\t\t<\/div>\n\t\t\t\t<\/div>\n\t\t\t\t\t<\/div>\n\t\t\t\t<\/div>\n\t\t\t\t<\/div>\n\t\t\t\t\t<\/div>\n\t\t\t\t<\/div>\n\t\t<div class=\"elementor-element elementor-element-cca7269 e-grid e-con-boxed e-con e-parent\" data-id=\"cca7269\" data-element_type=\"container\" data-e-type=\"container\">\n\t\t\t\t\t<div class=\"e-con-inner\">\n\t\t<div class=\"elementor-element elementor-element-d401e47 e-con-full e-flex e-con e-child\" data-id=\"d401e47\" data-element_type=\"container\" data-e-type=\"container\">\n\t\t\t\t<div class=\"elementor-element elementor-element-03ea3c3 elementor-invisible elementor-widget elementor-widget-image\" data-id=\"03ea3c3\" data-element_type=\"widget\" data-e-type=\"widget\" data-settings=\"{&quot;_animation&quot;:&quot;techwix--slide-left&quot;}\" data-widget_type=\"image.default\">\n\t\t\t\t<div class=\"elementor-widget-container\">\n\t\t\t\t\t\t\t\t\t\t\t\t\t\t\t<img decoding=\"async\" src=\"https:\/\/bibliomanager.com\/wp-content\/uploads\/elementor\/thumbs\/1-renx9fk40dxxmwmtvkbzqhphrbjqnfp599o55mkfe0.png\" title=\"1\" alt=\"1\" loading=\"lazy\" \/>\t\t\t\t\t\t\t\t\t\t\t\t\t\t\t<\/div>\n\t\t\t\t<\/div>\n\t\t\t\t<div class=\"elementor-element elementor-element-0370c9a elementor-widget elementor-widget-text-editor\" data-id=\"0370c9a\" data-element_type=\"widget\" data-e-type=\"widget\" data-widget_type=\"text-editor.default\">\n\t\t\t\t<div class=\"elementor-widget-container\">\n\t\t\t\t\t\t\t\t\t<p><span style=\"white-space-collapse: preserve;\"><span style=\"font-weight: bold;\">Upload your catalog<\/span> to the Bibliomanager platform\u00a0<\/span><br \/><span style=\"white-space-collapse: preserve;\">\u2014 we\u2019ll guide you step by step.<\/span><\/p>\t\t\t\t\t\t\t\t<\/div>\n\t\t\t\t<\/div>\n\t\t\t\t<\/div>\n\t\t<div class=\"elementor-element elementor-element-629a50c e-con-full e-flex e-con e-child\" data-id=\"629a50c\" data-element_type=\"container\" data-e-type=\"container\">\n\t\t\t\t<div class=\"elementor-element elementor-element-37cc1ca elementor-invisible elementor-widget elementor-widget-image\" data-id=\"37cc1ca\" data-element_type=\"widget\" data-e-type=\"widget\" data-settings=\"{&quot;_animation&quot;:&quot;techwix--slide-left&quot;}\" data-widget_type=\"image.default\">\n\t\t\t\t<div class=\"elementor-widget-container\">\n\t\t\t\t\t\t\t\t\t\t\t\t\t\t\t<img decoding=\"async\" src=\"https:\/\/bibliomanager.com\/wp-content\/uploads\/elementor\/thumbs\/2-renx9hfse20ia4k3kl58vh8ey3ah2twlxiz446hn1k.png\" title=\"2\" alt=\"2\" loading=\"lazy\" \/>\t\t\t\t\t\t\t\t\t\t\t\t\t\t\t<\/div>\n\t\t\t\t<\/div>\n\t\t\t\t<div class=\"elementor-element elementor-element-f8aedb9 elementor-widget elementor-widget-text-editor\" data-id=\"f8aedb9\" data-element_type=\"widget\" data-e-type=\"widget\" data-widget_type=\"text-editor.default\">\n\t\t\t\t<div class=\"elementor-widget-container\">\n\t\t\t\t\t\t\t\t\t<p><span style=\"white-space-collapse: preserve;\">Your titles become <span style=\"font-weight: bold;\">available <\/span>across our network of leading bookstores in 10+ countries.<\/span><\/p>\t\t\t\t\t\t\t\t<\/div>\n\t\t\t\t<\/div>\n\t\t\t\t<\/div>\n\t\t<div class=\"elementor-element elementor-element-e2f27b9 e-con-full e-flex e-con e-child\" data-id=\"e2f27b9\" data-element_type=\"container\" data-e-type=\"container\">\n\t\t\t\t<div class=\"elementor-element elementor-element-8456ef3 elementor-invisible elementor-widget elementor-widget-image\" data-id=\"8456ef3\" data-element_type=\"widget\" data-e-type=\"widget\" data-settings=\"{&quot;_animation&quot;:&quot;techwix--slide-left&quot;}\" data-widget_type=\"image.default\">\n\t\t\t\t<div class=\"elementor-widget-container\">\n\t\t\t\t\t\t\t\t\t\t\t\t\t\t\t<img decoding=\"async\" src=\"https:\/\/bibliomanager.com\/wp-content\/uploads\/elementor\/thumbs\/3-renx9idmkw1slqiqf3jvfyzvjh5uaj0c9nmllgg8vc.png\" title=\"3\" alt=\"3\" loading=\"lazy\" \/>\t\t\t\t\t\t\t\t\t\t\t\t\t\t\t<\/div>\n\t\t\t\t<\/div>\n\t\t\t\t<div class=\"elementor-element elementor-element-1248f4e elementor-widget elementor-widget-text-editor\" data-id=\"1248f4e\" data-element_type=\"widget\" data-e-type=\"widget\" data-widget_type=\"text-editor.default\">\n\t\t\t\t<div class=\"elementor-widget-container\">\n\t\t\t\t\t\t\t\t\t<p class=\"translation-block\"><span>Every time a book is sold,  <span style=\"font-weight: bold\">we handle printing and delivery locally, <\/span>per bookstore request.<\/span><\/p>\t\t\t\t\t\t\t\t<\/div>\n\t\t\t\t<\/div>\n\t\t\t\t<\/div>\n\t\t<div class=\"elementor-element elementor-element-f214e8c e-con-full e-flex e-con e-child\" data-id=\"f214e8c\" data-element_type=\"container\" data-e-type=\"container\">\n\t\t\t\t<div class=\"elementor-element elementor-element-8a1f16d elementor-invisible elementor-widget elementor-widget-image\" data-id=\"8a1f16d\" data-element_type=\"widget\" data-e-type=\"widget\" data-settings=\"{&quot;_animation&quot;:&quot;techwix--slide-left&quot;}\" data-widget_type=\"image.default\">\n\t\t\t\t<div class=\"elementor-widget-container\">\n\t\t\t\t\t\t\t\t\t\t\t\t\t\t\t<img decoding=\"async\" src=\"https:\/\/bibliomanager.com\/wp-content\/uploads\/elementor\/thumbs\/4-renx9em9tjwnbao711xd5zy15xodfqlex50nocltk8.png\" title=\"4\" alt=\"4\" loading=\"lazy\" \/>\t\t\t\t\t\t\t\t\t\t\t\t\t\t\t<\/div>\n\t\t\t\t<\/div>\n\t\t\t\t<div class=\"elementor-element elementor-element-0edf2ce elementor-widget elementor-widget-text-editor\" data-id=\"0edf2ce\" data-element_type=\"widget\" data-e-type=\"widget\" data-widget_type=\"text-editor.default\">\n\t\t\t\t<div class=\"elementor-widget-container\">\n\t\t\t\t\t\t\t\t\t<p><span style=\"white-space-collapse: preserve;\">Track <span style=\"font-weight: bold;\">everything in real time<\/span> through your dashboard \u2014 simple as that!<\/span><\/p>\t\t\t\t\t\t\t\t<\/div>\n\t\t\t\t<\/div>\n\t\t\t\t<\/div>\n\t\t\t\t\t<\/div>\n\t\t\t\t<\/div>\n\t\t<div class=\"elementor-element elementor-element-4d0b5ed e-flex e-con-boxed e-con e-parent\" data-id=\"4d0b5ed\" data-element_type=\"container\" data-e-type=\"container\">\n\t\t\t\t\t<div class=\"e-con-inner\">\n\t\t<div class=\"elementor-element elementor-element-acf7e79 e-con-full e-flex e-con e-child\" data-id=\"acf7e79\" data-element_type=\"container\" data-e-type=\"container\">\n\t\t<div class=\"elementor-element elementor-element-34c57ba e-con-full e-flex e-con e-child\" data-id=\"34c57ba\" data-element_type=\"container\" data-e-type=\"container\">\n\t\t<div class=\"elementor-element elementor-element-d634529 e-con-full e-flex e-con e-child\" data-id=\"d634529\" data-element_type=\"container\" data-e-type=\"container\">\n\t\t\t\t<div class=\"elementor-element elementor-element-db26fc7 elementor-widget elementor-widget-heading\" data-id=\"db26fc7\" data-element_type=\"widget\" data-e-type=\"widget\" data-widget_type=\"heading.default\">\n\t\t\t\t<div class=\"elementor-widget-container\">\n\t\t\t\t\t<h2 class=\"elementor-heading-title elementor-size-default\">Bibliomanager<span style=\"font-weight: normal\"> <\/span><br><span style=\"font-weight: normal\">by the numbers<\/span><\/h2>\t\t\t\t<\/div>\n\t\t\t\t<\/div>\n\t\t\t\t<\/div>\n\t\t<div class=\"elementor-element elementor-element-ba58c56 e-grid e-con-full e-con e-child\" data-id=\"ba58c56\" data-element_type=\"container\" data-e-type=\"container\">\n\t\t<div class=\"elementor-element elementor-element-88d48f3 e-con-full e-flex e-con e-child\" data-id=\"88d48f3\" data-element_type=\"container\" data-e-type=\"container\">\n\t\t\t\t<div class=\"elementor-element elementor-element-04e9c3b elementor-widget elementor-widget-counter\" data-id=\"04e9c3b\" data-element_type=\"widget\" data-e-type=\"widget\" data-widget_type=\"counter.default\">\n\t\t\t\t<div class=\"elementor-widget-container\">\n\t\t\t\t\t\t\t<div class=\"elementor-counter\">\n\t\t\t<div class=\"elementor-counter-title\">countries<\/div>\t\t\t<div class=\"elementor-counter-number-wrapper\">\n\t\t\t\t<span class=\"elementor-counter-number-prefix\">+<\/span>\n\t\t\t\t<span class=\"elementor-counter-number\" data-duration=\"2000\" data-to-value=\"10\" data-from-value=\"0\">0<\/span>\n\t\t\t\t<span class=\"elementor-counter-number-suffix\"><\/span>\n\t\t\t<\/div>\n\t\t<\/div>\n\t\t\t\t\t\t<\/div>\n\t\t\t\t<\/div>\n\t\t\t\t<div class=\"elementor-element elementor-element-c431449 elementor-widget elementor-widget-text-editor\" data-id=\"c431449\" data-element_type=\"widget\" data-e-type=\"widget\" data-widget_type=\"text-editor.default\">\n\t\t\t\t<div class=\"elementor-widget-container\">\n\t\t\t\t\t\t\t\t\t<p><span style=\"white-space-collapse: preserve;\">Boost your \nauthors' reach!<\/span><br \/><br \/><span style=\"white-space-collapse: preserve;\">1-to-1 Distribution places your titles in 10+ countries\u2014no extra costs, no paperwork, no hassle.<\/span><\/p>\t\t\t\t\t\t\t\t<\/div>\n\t\t\t\t<\/div>\n\t\t\t\t<\/div>\n\t\t<div class=\"elementor-element elementor-element-20469ae e-con-full e-flex e-con e-child\" data-id=\"20469ae\" data-element_type=\"container\" data-e-type=\"container\">\n\t\t\t\t<div class=\"elementor-element elementor-element-192aef9 elementor-widget elementor-widget-counter\" data-id=\"192aef9\" data-element_type=\"widget\" data-e-type=\"widget\" data-widget_type=\"counter.default\">\n\t\t\t\t<div class=\"elementor-widget-container\">\n\t\t\t\t\t\t\t<div class=\"elementor-counter\">\n\t\t\t<div class=\"elementor-counter-title\">Upfront Invest-\nment<\/div>\t\t\t<div class=\"elementor-counter-number-wrapper\">\n\t\t\t\t<span class=\"elementor-counter-number-prefix\"><\/span>\n\t\t\t\t<span class=\"elementor-counter-number\" data-duration=\"2000\" data-to-value=\"0\" data-from-value=\"0\">0<\/span>\n\t\t\t\t<span class=\"elementor-counter-number-suffix\">$<\/span>\n\t\t\t<\/div>\n\t\t<\/div>\n\t\t\t\t\t\t<\/div>\n\t\t\t\t<\/div>\n\t\t\t\t<div class=\"elementor-element elementor-element-cda895e elementor-widget elementor-widget-text-editor\" data-id=\"cda895e\" data-element_type=\"widget\" data-e-type=\"widget\" data-widget_type=\"text-editor.default\">\n\t\t\t\t<div class=\"elementor-widget-container\">\n\t\t\t\t\t\t\t\t\t<p><span style=\"white-space-collapse: preserve;\">We take care of everything. You\u2019ll receive your royalties every quarter, right on time.<\/span><\/p>\t\t\t\t\t\t\t\t<\/div>\n\t\t\t\t<\/div>\n\t\t\t\t<\/div>\n\t\t<div class=\"elementor-element elementor-element-37613c6 e-con-full e-flex e-con e-child\" data-id=\"37613c6\" data-element_type=\"container\" data-e-type=\"container\">\n\t\t\t\t<div class=\"elementor-element elementor-element-2d1d176 elementor-widget elementor-widget-counter\" data-id=\"2d1d176\" data-element_type=\"widget\" data-e-type=\"widget\" data-widget_type=\"counter.default\">\n\t\t\t\t<div class=\"elementor-widget-container\">\n\t\t\t\t\t\t\t<div class=\"elementor-counter\">\n\t\t\t<div class=\"elementor-counter-title\">Book-\nstores<\/div>\t\t\t<div class=\"elementor-counter-number-wrapper\">\n\t\t\t\t<span class=\"elementor-counter-number-prefix\">+<\/span>\n\t\t\t\t<span class=\"elementor-counter-number\" data-duration=\"2000\" data-to-value=\"1000\" data-from-value=\"0\" data-delimiter=\".\">0<\/span>\n\t\t\t\t<span class=\"elementor-counter-number-suffix\"><\/span>\n\t\t\t<\/div>\n\t\t<\/div>\n\t\t\t\t\t\t<\/div>\n\t\t\t\t<\/div>\n\t\t\t\t<div class=\"elementor-element elementor-element-825c661 elementor-widget elementor-widget-text-editor\" data-id=\"825c661\" data-element_type=\"widget\" data-e-type=\"widget\" data-widget_type=\"text-editor.default\">\n\t\t\t\t<div class=\"elementor-widget-container\">\n\t\t\t\t\t\t\t\t\t<div><span style=\"white-space-collapse: preserve;\">Connected bookstores in Argentina, Brazil, Chile, Colombia, Ecuador, Spain, the United States, Guatemala, Mexico, Peru, Portugal, and Uruguay. Access a universe of 450 million potential readers\u2014with just one click.<\/span><\/div>\t\t\t\t\t\t\t\t<\/div>\n\t\t\t\t<\/div>\n\t\t\t\t<\/div>\n\t\t\t\t<\/div>\n\t\t\t\t<div class=\"elementor-element elementor-element-f1692ac elementor-widget elementor-widget-spacer\" data-id=\"f1692ac\" data-element_type=\"widget\" data-e-type=\"widget\" data-widget_type=\"spacer.default\">\n\t\t\t\t<div class=\"elementor-widget-container\">\n\t\t\t\t\t\t\t<div class=\"elementor-spacer\">\n\t\t\t<div class=\"elementor-spacer-inner\"><\/div>\n\t\t<\/div>\n\t\t\t\t\t\t<\/div>\n\t\t\t\t<\/div>\n\t\t\t\t<\/div>\n\t\t\t\t<\/div>\n\t\t<div class=\"elementor-element elementor-element-a1102ea e-con-full e-flex e-con e-child\" data-id=\"a1102ea\" data-element_type=\"container\" data-e-type=\"container\">\n\t\t<div class=\"elementor-element elementor-element-027c923 e-con-full e-flex e-con e-child\" data-id=\"027c923\" data-element_type=\"container\" data-e-type=\"container\">\n\t\t<div class=\"elementor-element elementor-element-59d9dbf e-con-full e-flex e-con e-child\" data-id=\"59d9dbf\" data-element_type=\"container\" data-e-type=\"container\">\n\t\t\t\t<div class=\"elementor-element elementor-element-dc0c572 elementor-widget elementor-widget-text-editor\" data-id=\"dc0c572\" data-element_type=\"widget\" data-e-type=\"widget\" data-widget_type=\"text-editor.default\">\n\t\t\t\t<div class=\"elementor-widget-container\">\n\t\t\t\t\t\t\t\t\t<p><span style=\"white-space-collapse: preserve;\">Maximum Transparency<\/span><\/p>\t\t\t\t\t\t\t\t<\/div>\n\t\t\t\t<\/div>\n\t\t\t\t<div class=\"elementor-element elementor-element-02fd699 elementor-widget elementor-widget-text-editor\" data-id=\"02fd699\" data-element_type=\"widget\" data-e-type=\"widget\" data-widget_type=\"text-editor.default\">\n\t\t\t\t<div class=\"elementor-widget-container\">\n\t\t\t\t\t\t\t\t\t<p><span style=\"white-space-collapse: preserve;\">Track your sales performance in real time.<\/span><\/p>\t\t\t\t\t\t\t\t<\/div>\n\t\t\t\t<\/div>\n\t\t\t\t<\/div>\n\t\t<div class=\"elementor-element elementor-element-6e1d382 e-con-full e-flex e-con e-child\" data-id=\"6e1d382\" data-element_type=\"container\" data-e-type=\"container\">\n\t\t\t\t<div class=\"elementor-element elementor-element-0ae5a56 elementor-widget elementor-widget-text-editor\" data-id=\"0ae5a56\" data-element_type=\"widget\" data-e-type=\"widget\" data-widget_type=\"text-editor.default\">\n\t\t\t\t<div class=\"elementor-widget-container\">\n\t\t\t\t\t\t\t\t\t<p><span style=\"white-space-collapse: preserve;\">Maximum Flexibility<\/span><\/p>\t\t\t\t\t\t\t\t<\/div>\n\t\t\t\t<\/div>\n\t\t\t\t<div class=\"elementor-element elementor-element-3c9d28b elementor-widget elementor-widget-text-editor\" data-id=\"3c9d28b\" data-element_type=\"widget\" data-e-type=\"widget\" data-widget_type=\"text-editor.default\">\n\t\t\t\t<div class=\"elementor-widget-container\">\n\t\t\t\t\t\t\t\t\t<p><span style=\"white-space-collapse: preserve;\">Choose where <\/span><span style=\"white-space-collapse: preserve;\">to sell.<\/span><\/p>\t\t\t\t\t\t\t\t<\/div>\n\t\t\t\t<\/div>\n\t\t\t\t<\/div>\n\t\t<div class=\"elementor-element elementor-element-63b1b94 e-con-full e-flex e-con e-child\" data-id=\"63b1b94\" data-element_type=\"container\" data-e-type=\"container\">\n\t\t\t\t<div class=\"elementor-element elementor-element-3834354 elementor-widget elementor-widget-text-editor\" data-id=\"3834354\" data-element_type=\"widget\" data-e-type=\"widget\" data-widget_type=\"text-editor.default\">\n\t\t\t\t<div class=\"elementor-widget-container\">\n\t\t\t\t\t\t\t\t\t<p><span style=\"white-space-collapse: preserve;\">Maximum Reach<\/span><\/p>\t\t\t\t\t\t\t\t<\/div>\n\t\t\t\t<\/div>\n\t\t\t\t<div class=\"elementor-element elementor-element-7b0fa44 elementor-widget elementor-widget-text-editor\" data-id=\"7b0fa44\" data-element_type=\"widget\" data-e-type=\"widget\" data-widget_type=\"text-editor.default\">\n\t\t\t\t<div class=\"elementor-widget-container\">\n\t\t\t\t\t\t\t\t\t<p><span style=\"white-space-collapse: preserve;\">Tap into a market of +450 million readers from 10 LATAM &amp; Caribbean countries.<\/span><\/p>\t\t\t\t\t\t\t\t<\/div>\n\t\t\t\t<\/div>\n\t\t\t\t<\/div>\n\t\t\t\t<\/div>\n\t\t\t\t<\/div>\n\t\t\t\t\t<\/div>\n\t\t\t\t<\/div>\n\t\t<div class=\"elementor-element elementor-element-a4e5b4a e-flex e-con-boxed e-con e-parent\" data-id=\"a4e5b4a\" data-element_type=\"container\" data-e-type=\"container\">\n\t\t\t\t\t<div class=\"e-con-inner\">\n\t\t\t\t<div class=\"elementor-element elementor-element-89dd133 elementor-widget elementor-widget-techwix-button\" data-id=\"89dd133\" data-element_type=\"widget\" data-e-type=\"widget\" data-widget_type=\"techwix-button.default\">\n\t\t\t\t<div class=\"elementor-widget-container\">\n\t\t\t\t\t<div class=\"techwix-button-widget-wrapper\"><a class=\"techwix-btn techwix-btn-size-custom style-1\" href=\"https:\/\/bibliomanager.com\/en\/contacto\/?utm_source=web&#038;utm_medium=distribucion1a1&#038;utm_campaign=cta\"> Contact us and let's get started!<\/a><\/div>\t\t\t\t<\/div>\n\t\t\t\t<\/div>\n\t\t\t\t\t<\/div>\n\t\t\t\t<\/div>\n\t\t\t\t<\/div>","protected":false},"excerpt":{"rendered":"<p>\u00bfSab\u00edas que hoy, de cada 10 libros que est\u00e1n a la venta, 6 figuran como \u201cAgotados\u201d? Si quieres que tus t\u00edtulos est\u00e9n siempre disponibles y que lleguen a m\u00e1s pa\u00edses solo con un click y sin ninguna inversi\u00f3n inicial. \u00a1Distribuci\u00f3n 1a1, de Bibliomanager, es para ti! \u00bfC\u00f3mo funciona Distribuci\u00f3n 1a1 para editoriales? Sube tu cat\u00e1logo&#8230;<\/p>","protected":false},"author":4,"featured_media":0,"parent":0,"menu_order":0,"comment_status":"closed","ping_status":"closed","template":"","meta":{"footnotes":""},"class_list":["post-16190","page","type-page","status-publish","hentry"],"_links":{"self":[{"href":"https:\/\/bibliomanager.com\/en\/wp-json\/wp\/v2\/pages\/16190","targetHints":{"allow":["GET"]}}],"collection":[{"href":"https:\/\/bibliomanager.com\/en\/wp-json\/wp\/v2\/pages"}],"about":[{"href":"https:\/\/bibliomanager.com\/en\/wp-json\/wp\/v2\/types\/page"}],"author":[{"embeddable":true,"href":"https:\/\/bibliomanager.com\/en\/wp-json\/wp\/v2\/users\/4"}],"replies":[{"embeddable":true,"href":"https:\/\/bibliomanager.com\/en\/wp-json\/wp\/v2\/comments?post=16190"}],"version-history":[{"count":76,"href":"https:\/\/bibliomanager.com\/en\/wp-json\/wp\/v2\/pages\/16190\/revisions"}],"predecessor-version":[{"id":16933,"href":"https:\/\/bibliomanager.com\/en\/wp-json\/wp\/v2\/pages\/16190\/revisions\/16933"}],"wp:attachment":[{"href":"https:\/\/bibliomanager.com\/en\/wp-json\/wp\/v2\/media?parent=16190"}],"curies":[{"name":"wp","href":"https:\/\/api.w.org\/{rel}","templated":true}]}}