{"id":15817,"date":"2025-07-14T12:19:40","date_gmt":"2025-07-14T12:19:40","guid":{"rendered":"https:\/\/bibliomanager.site\/?page_id=15817"},"modified":"2026-01-16T15:35:34","modified_gmt":"2026-01-16T15:35:34","slug":"librerias","status":"publish","type":"page","link":"https:\/\/bibliomanager.com\/en\/librerias\/","title":{"rendered":"For Bookstores"},"content":{"rendered":"<div data-elementor-type=\"wp-page\" data-elementor-id=\"15817\" class=\"elementor elementor-15817\">\n\t\t\t\t<div class=\"elementor-element elementor-element-f03b95f e-flex e-con-boxed e-con e-parent\" data-id=\"f03b95f\" data-element_type=\"container\" data-e-type=\"container\">\n\t\t\t\t\t<div class=\"e-con-inner\">\n\t\t<div class=\"elementor-element elementor-element-1e28bdb e-con-full e-grid e-con e-child\" data-id=\"1e28bdb\" data-element_type=\"container\" data-e-type=\"container\">\n\t\t\t\t<div class=\"elementor-element elementor-element-392707c elementor-widget elementor-widget-text-editor\" data-id=\"392707c\" data-element_type=\"widget\" data-e-type=\"widget\" data-widget_type=\"text-editor.default\">\n\t\t\t\t<div class=\"elementor-widget-container\">\n\t\t\t\t\t\t\t\t\t<p>BOOKSTORES<\/p><h1><span style=\"color: #003366;\">Smart Solutions for Bookstores<\/span><\/h1><h4><span style=\"font-weight: 400;\">Capture every sale with zero inventory risk. At Bibliomanager, we streamline your operations so you never miss an opportunity. Ready to scale your business, boost revenue, and offer a superior experience to your readers?<\/span><\/h4><div class=\"techwix-button-widget-wrapper\"><a class=\"techwix-btn techwix-btn-size-custom style-1\" href=\"https:\/\/bibliomanager.com\/en\/contacto\/?utm_source=web&amp;utm_medium=librerias&amp;utm_campaign=form\" rel=\"noopener\">Contact us<\/a><\/div>\t\t\t\t\t\t\t\t<\/div>\n\t\t\t\t<\/div>\n\t\t\t\t<div class=\"elementor-element elementor-element-d4b536a elementor-widget elementor-widget-image\" data-id=\"d4b536a\" data-element_type=\"widget\" data-e-type=\"widget\" data-widget_type=\"image.default\">\n\t\t\t\t<div class=\"elementor-widget-container\">\n\t\t\t\t\t\t\t\t\t\t\t\t\t\t\t<img fetchpriority=\"high\" decoding=\"async\" width=\"536\" height=\"530\" src=\"https:\/\/bibliomanager.com\/wp-content\/uploads\/2025\/09\/librerias.jpg\" class=\"attachment-large size-large wp-image-16021\" alt=\"\" srcset=\"https:\/\/bibliomanager.com\/wp-content\/uploads\/2025\/09\/librerias.jpg 536w, https:\/\/bibliomanager.com\/wp-content\/uploads\/2025\/09\/librerias-300x297.jpg 300w\" sizes=\"(max-width: 536px) 100vw, 536px\" \/>\t\t\t\t\t\t\t\t\t\t\t\t\t\t\t<\/div>\n\t\t\t\t<\/div>\n\t\t\t\t<\/div>\n\t\t\t\t\t<\/div>\n\t\t\t\t<\/div>\n\t\t<div class=\"elementor-element elementor-element-dd640d5 e-flex e-con-boxed e-con e-parent\" data-id=\"dd640d5\" data-element_type=\"container\" data-e-type=\"container\">\n\t\t\t\t\t<div class=\"e-con-inner\">\n\t\t<div class=\"elementor-element elementor-element-81c0a40 e-con-full e-flex e-con e-child\" data-id=\"81c0a40\" data-element_type=\"container\" data-e-type=\"container\" data-settings=\"{&quot;background_background&quot;:&quot;classic&quot;}\">\n\t\t\t\t<div class=\"elementor-element elementor-element-9acd758 elementor-widget elementor-widget-image\" data-id=\"9acd758\" data-element_type=\"widget\" data-e-type=\"widget\" data-widget_type=\"image.default\">\n\t\t\t\t<div class=\"elementor-widget-container\">\n\t\t\t\t\t\t\t\t\t\t\t\t\t\t\t<img decoding=\"async\" width=\"150\" height=\"150\" src=\"https:\/\/bibliomanager.com\/wp-content\/uploads\/2025\/11\/D1a1-150x150.png\" class=\"attachment-thumbnail size-thumbnail wp-image-16439\" alt=\"\" srcset=\"https:\/\/bibliomanager.com\/wp-content\/uploads\/2025\/11\/D1a1-150x150.png 150w, https:\/\/bibliomanager.com\/wp-content\/uploads\/2025\/11\/D1a1-300x300.png 300w, https:\/\/bibliomanager.com\/wp-content\/uploads\/2025\/11\/D1a1.png 500w\" sizes=\"(max-width: 150px) 100vw, 150px\" \/>\t\t\t\t\t\t\t\t\t\t\t\t\t\t\t<\/div>\n\t\t\t\t<\/div>\n\t\t\t\t<div class=\"elementor-element elementor-element-df2c110 elementor-widget elementor-widget-text-editor\" data-id=\"df2c110\" data-element_type=\"widget\" data-e-type=\"widget\" data-widget_type=\"text-editor.default\">\n\t\t\t\t<div class=\"elementor-widget-container\">\n\t\t\t\t\t\t\t\t\t<p>\u00a0<\/p><h4 style=\"text-align: center;\"><span style=\"color: #ffffff;\">1-to-1 Distribution<\/span><\/h4>\t\t\t\t\t\t\t\t<\/div>\n\t\t\t\t<\/div>\n\t\t\t\t<div class=\"elementor-element elementor-element-afe0afb elementor-invisible elementor-widget elementor-widget-techwix-button\" data-id=\"afe0afb\" data-element_type=\"widget\" data-e-type=\"widget\" data-settings=\"{&quot;_animation&quot;:&quot;fadeIn&quot;}\" data-widget_type=\"techwix-button.default\">\n\t\t\t\t<div class=\"elementor-widget-container\">\n\t\t\t\t\t<div class=\"techwix-button-widget-wrapper\"><a class=\"techwix-btn techwix-btn-size-medium style-1\" href=\"https:\/\/bibliomanager.com\/en\/servicios-1a1-librerias\/\">Learn more<\/a><\/div>\t\t\t\t<\/div>\n\t\t\t\t<\/div>\n\t\t\t\t<\/div>\n\t\t<div class=\"elementor-element elementor-element-9185679 e-con-full e-flex e-con e-child\" data-id=\"9185679\" data-element_type=\"container\" data-e-type=\"container\">\n\t\t\t\t<div class=\"elementor-element elementor-element-2e1765e elementor-widget elementor-widget-text-editor\" data-id=\"2e1765e\" data-element_type=\"widget\" data-e-type=\"widget\" data-widget_type=\"text-editor.default\">\n\t\t\t\t<div class=\"elementor-widget-container\">\n\t\t\t\t\t\t\t\t\t<h1><span style=\"font-weight: 400;\"><span style=\"color: #003366;\">From <strong>'Out of Stock'<br \/><\/strong> to 'Always Available'.<br \/><strong>Making every title accessible, everywhere<\/strong>!<\/span><\/span><\/h1>\t\t\t\t\t\t\t\t<\/div>\n\t\t\t\t<\/div>\n\t\t\t\t<\/div>\n\t\t\t\t\t<\/div>\n\t\t\t\t<\/div>\n\t\t\t\t<\/div>","protected":false},"excerpt":{"rendered":"<p>LIBRER\u00cdAS Soluciones para librer\u00edas Desde Bibliomanager, trabajamos para facilitar las operaciones de las principales librer\u00edas de Am\u00e9rica Latina y para ayudar a que no pierdan ni una sola venta. Si quieres sumar tu librer\u00eda a Bibliomanager y saber c\u00f3mo podemos ayudarte a mejorar tu negocio, aumentar tus ventas y ofrecer un mejor servicio a tus&#8230;<\/p>","protected":false},"author":1,"featured_media":0,"parent":0,"menu_order":0,"comment_status":"closed","ping_status":"closed","template":"","meta":{"footnotes":""},"class_list":["post-15817","page","type-page","status-publish","hentry"],"_links":{"self":[{"href":"https:\/\/bibliomanager.com\/en\/wp-json\/wp\/v2\/pages\/15817","targetHints":{"allow":["GET"]}}],"collection":[{"href":"https:\/\/bibliomanager.com\/en\/wp-json\/wp\/v2\/pages"}],"about":[{"href":"https:\/\/bibliomanager.com\/en\/wp-json\/wp\/v2\/types\/page"}],"author":[{"embeddable":true,"href":"https:\/\/bibliomanager.com\/en\/wp-json\/wp\/v2\/users\/1"}],"replies":[{"embeddable":true,"href":"https:\/\/bibliomanager.com\/en\/wp-json\/wp\/v2\/comments?post=15817"}],"version-history":[{"count":49,"href":"https:\/\/bibliomanager.com\/en\/wp-json\/wp\/v2\/pages\/15817\/revisions"}],"predecessor-version":[{"id":16857,"href":"https:\/\/bibliomanager.com\/en\/wp-json\/wp\/v2\/pages\/15817\/revisions\/16857"}],"wp:attachment":[{"href":"https:\/\/bibliomanager.com\/en\/wp-json\/wp\/v2\/media?parent=15817"}],"curies":[{"name":"wp","href":"https:\/\/api.w.org\/{rel}","templated":true}]}}